{"id":2,"date":"2024-04-11T16:01:35","date_gmt":"2024-04-11T14:01:35","guid":{"rendered":"http:\/\/yvesbircic.be\/?page_id=2"},"modified":"2024-07-15T11:59:26","modified_gmt":"2024-07-15T09:59:26","slug":"page-d-exemple","status":"publish","type":"page","link":"https:\/\/yvesbircic.be\/index.php\/page-d-exemple\/","title":{"rendered":"Qui suis-je ?"},"content":{"rendered":"<p>1990. \u00c9tant issu d&#8217;une famille accro aux photos familiales, c&#8217;est le jour de mes 6 ans que je re\u00e7u mon premier appareil photo. Depuis lors, ces &#8220;boites \u00e0 images&#8221;, quelque soit leur affiliation, argentique ou num\u00e9rique, ne m&#8217;ont jamais quitt\u00e9. Une passion \u00e9tait n\u00e9e.<\/p><p>Acqu\u00e9rant mon dipl\u00f4me de photographe en 2005 \u00e0 St-Luc Li\u00e8ge, je ne me lan\u00e7a pas directement dans le m\u00e9tier pour deux raisons. Premi\u00e8rement, cette ann\u00e9e-l\u00e0 le m\u00e9tier de photographe ne f\u00fbt plus prot\u00e9ger. En effet, jusqu&#8217;alors, pour avoir acc\u00e8s au m\u00e9tier, c&#8217;\u00e9tait obligatoire d&#8217;en avoir le dipl\u00f4me, sinon c&#8217;\u00e9tait impossible de pratiquer cette profession. De ce fait, il y eu un raz-de-mar\u00e9e de nouveaux photographes sur le march\u00e9, ne laissant pas beaucoup de place \u00e0 ceux sortant dipl\u00f4me en main. Deuxi\u00e8mement, ma formation se r\u00e9sumait \u00e0 90% \u00e0 l&#8217;utilisation de l&#8217;argentique. Et si le m\u00e9tier \u00e9tait devenu accessible \u00e0 tout le monde, c&#8217;\u00e9tait pour une bonne raison&#8230; Le num\u00e9rique faisait un grand boom dans le monde entier. La profession \u00e9tait en plein changement et je ne me sentais pas capable d&#8217;\u00eatre \u00e0 la hauteur avec une technologie que je ne maitrisais pas assez bien, pour la simple raison que d\u00e9j\u00e0 \u00e0 l&#8217;\u00e9poque, j&#8217;avais conscience que mon image ne tenais qu&#8217;\u00e0 un fil ! Il suffit de ne remettre rien qu&#8217;une seule fois un travail m\u00e9diocre, et le monde s&#8217;en souviendra.<\/p><blockquote class=\"wp-block-quote is-layout-flow wp-block-quote-is-layout-flow\"><p>&#8220;(&#8230;) \u00e0 vous encourager \u00e0 \u00eatre impitoyable avec vous-m\u00eame, \u00e0 \u00eatre votre critique le plus dur et vous convaincre que c&#8217;est en recherchant l&#8217;excellence que vous pourrez r\u00e9aliser vos r\u00eaves.&#8221;<\/p><cite>Harry Gruyaert, photographe belge pour l&#8217;agence Magnum<\/cite><\/blockquote><p>Le temps passa et ma carri\u00e8re professionel pris une autre direction que l&#8217;\u00e9criture de l&#8217;image, en travaillant dans une entreprise multinationale, o\u00f9 je gravi les \u00e9chelons \u00e0 force de caract\u00e8re et de d\u00e9fis relev\u00e9s. <\/p><p>Paral\u00e8lement  j&#8217;appris \u00e0 maitriser et \u00e0 m&#8217;affirmer avec les images num\u00e9riques. Je couvris fr\u00e9quemment des soir\u00e9es ainsi que quelques mariages et bapt\u00eames. Mais c&#8217;est en 2017 que ma carri\u00e8re photographique commen\u00e7a \u00e0 pointer le bout de son nez.<\/p><blockquote class=\"wp-block-quote is-layout-flow wp-block-quote-is-layout-flow\"><p>&#8220;.&#8221;<\/p><\/blockquote><p>Le hasard voulu qu&#8217;en septembre 2017, je me fasse engag\u00e9 comme photographe ind\u00e9pendant \u00e0 titre compl\u00e9mentaire, dans l&#8217;\u00e9dition Huy-Waremme du quotidien L&#8217;Avenir.<\/p><p>A la base, ce n&#8217;\u00e9tait que pour d\u00e9panner de temps en temps, de mani\u00e8re tr\u00e8s \u00e9cl\u00e9siastique, la couverture de sujets concernant la vie locale de l\u2019arrondissement. Mais un beau jour on me demanda si je ne savais pas couvrir un match de football. J&#8217;eu beaucoup d&#8217;appr\u00e9hension car ayant seulement un 28-300mm, objectif peu lumineux mais pouvant convenir \u00e0 ce type de reportage, et mon Nikon D810 de l&#8217;\u00e9poque, qui n&#8217;\u00e9tait pas du tout pr\u00e9vu pour ce genre de pratique. Mais j&#8217;y alla et fit de mon mieux. Le travail que j&#8217;avais rendu me f\u00eet remarquer et progressivement, on me donna de plus en plus de reportages sportifs au point que je devins un des trois photographes attitr\u00e9s de l&#8217;\u00e9dition Huy-Waremme.<\/p><p>Avec ce travail, j&#8217;acquis ou j&#8217;am\u00e9liorais mes comp\u00e9tences en divers domaines li\u00e9es \u00e0 la photographie. J&#8217;eu des contacts pour faire des reportages vari\u00e9s et enrichissant aussi bien sur le plan technique qu&#8217;humain. Mes domaines de comp\u00e9tences s&#8217;\u00e9largissant afin de servir un publique de plus en plus large.<\/p><blockquote class=\"wp-block-quote is-layout-flow wp-block-quote-is-layout-flow\"><p>&#8220;L&#8217;\u00e9chec n&#8217;est pas une tare ou une ab\u00e9ration qu&#8217;il faut cacher. Il faut faire preuve de r\u00e9silience car admettre l&#8217;\u00e9chec, c&#8217;est la possibilit\u00e9 de grandir dans ce qu&#8217;on fait.&#8221;<\/p><\/blockquote><p>D\u00e9but 2024, cela faisait des ann\u00e9es que j&#8217;envisageai de me mettre \u00e0 temps complet, \u00e0 mon compte, comme photographe professionel. Je d\u00e9cide de suivre une id\u00e9e et une envie qui dormaient depuis un temps fou : Vivre de ma passion.<\/p>","protected":false},"excerpt":{"rendered":"<p>1990. \u00c9tant issu d&#8217;une famille accro aux photos familiales, c&#8217;est le jour de mes 6 ans que je re\u00e7u mon premier appareil photo. Depuis lors, ces &#8220;boites \u00e0 images&#8221;, quelque soit leur affiliation, argentique ou num\u00e9rique, ne m&#8217;ont jamais quitt\u00e9. Une passion \u00e9tait n\u00e9e. Acqu\u00e9rant mon dipl\u00f4me de photographe en 2005 \u00e0 St-Luc Li\u00e8ge, je [&hellip;]<\/p>\n","protected":false},"author":1,"featured_media":51,"parent":0,"menu_order":0,"comment_status":"closed","ping_status":"open","template":"","meta":{"footnotes":""},"class_list":["post-2","page","type-page","status-publish","has-post-thumbnail","hentry"],"yoast_head":"<!-- This site is optimized with the Yoast SEO plugin v24.3 - https:\/\/yoast.com\/wordpress\/plugins\/seo\/ -->\n<title>Qui suis-je ? - Yves Bircic<\/title>\n<meta name=\"robots\" content=\"index, follow, max-snippet:-1, max-image-preview:large, max-video-preview:-1\" \/>\n<link rel=\"canonical\" href=\"https:\/\/yvesbircic.be\/index.php\/page-d-exemple\/\" \/>\n<meta property=\"og:locale\" content=\"en_US\" \/>\n<meta property=\"og:type\" content=\"article\" \/>\n<meta property=\"og:title\" content=\"Qui suis-je ? - Yves Bircic\" \/>\n<meta property=\"og:description\" content=\"1990. \u00c9tant issu d&#8217;une famille accro aux photos familiales, c&#8217;est le jour de mes 6 ans que je re\u00e7u mon premier appareil photo. Depuis lors, ces &#8220;boites \u00e0 images&#8221;, quelque soit leur affiliation, argentique ou num\u00e9rique, ne m&#8217;ont jamais quitt\u00e9. Une passion \u00e9tait n\u00e9e. Acqu\u00e9rant mon dipl\u00f4me de photographe en 2005 \u00e0 St-Luc Li\u00e8ge, je [&hellip;]\" \/>\n<meta property=\"og:url\" content=\"https:\/\/yvesbircic.be\/index.php\/page-d-exemple\/\" \/>\n<meta property=\"og:site_name\" content=\"Yves Bircic\" \/>\n<meta property=\"article:publisher\" content=\"https:\/\/www.facebook.com\/profile.php?id=61556861133480\" \/>\n<meta property=\"article:modified_time\" content=\"2024-07-15T09:59:26+00:00\" \/>\n<meta property=\"og:image\" content=\"http:\/\/yvesbircic.be\/wp-content\/uploads\/2024\/04\/YB7_8482-scaled.jpg\" \/>\n\t<meta property=\"og:image:width\" content=\"2560\" \/>\n\t<meta property=\"og:image:height\" content=\"1707\" \/>\n\t<meta property=\"og:image:type\" content=\"image\/jpeg\" \/>\n<meta name=\"twitter:card\" content=\"summary_large_image\" \/>\n<meta name=\"twitter:label1\" content=\"Est. reading time\" \/>\n\t<meta name=\"twitter:data1\" content=\"3 minutes\" \/>\n<script type=\"application\/ld+json\" class=\"yoast-schema-graph\">{\"@context\":\"https:\/\/schema.org\",\"@graph\":[{\"@type\":\"WebPage\",\"@id\":\"https:\/\/yvesbircic.be\/index.php\/page-d-exemple\/\",\"url\":\"https:\/\/yvesbircic.be\/index.php\/page-d-exemple\/\",\"name\":\"Qui suis-je ? - Yves Bircic\",\"isPartOf\":{\"@id\":\"https:\/\/yvesbircic.be\/#website\"},\"primaryImageOfPage\":{\"@id\":\"https:\/\/yvesbircic.be\/index.php\/page-d-exemple\/#primaryimage\"},\"image\":{\"@id\":\"https:\/\/yvesbircic.be\/index.php\/page-d-exemple\/#primaryimage\"},\"thumbnailUrl\":\"https:\/\/yvesbircic.be\/wp-content\/uploads\/2024\/04\/YB7_8482-scaled.jpg\",\"datePublished\":\"2024-04-11T14:01:35+00:00\",\"dateModified\":\"2024-07-15T09:59:26+00:00\",\"breadcrumb\":{\"@id\":\"https:\/\/yvesbircic.be\/index.php\/page-d-exemple\/#breadcrumb\"},\"inLanguage\":\"en-US\",\"potentialAction\":[{\"@type\":\"ReadAction\",\"target\":[\"https:\/\/yvesbircic.be\/index.php\/page-d-exemple\/\"]}]},{\"@type\":\"ImageObject\",\"inLanguage\":\"en-US\",\"@id\":\"https:\/\/yvesbircic.be\/index.php\/page-d-exemple\/#primaryimage\",\"url\":\"https:\/\/yvesbircic.be\/wp-content\/uploads\/2024\/04\/YB7_8482-scaled.jpg\",\"contentUrl\":\"https:\/\/yvesbircic.be\/wp-content\/uploads\/2024\/04\/YB7_8482-scaled.jpg\",\"width\":2560,\"height\":1707},{\"@type\":\"BreadcrumbList\",\"@id\":\"https:\/\/yvesbircic.be\/index.php\/page-d-exemple\/#breadcrumb\",\"itemListElement\":[{\"@type\":\"ListItem\",\"position\":1,\"name\":\"Accueil\",\"item\":\"https:\/\/yvesbircic.be\/\"},{\"@type\":\"ListItem\",\"position\":2,\"name\":\"Qui suis-je ?\"}]},{\"@type\":\"WebSite\",\"@id\":\"https:\/\/yvesbircic.be\/#website\",\"url\":\"https:\/\/yvesbircic.be\/\",\"name\":\"Yves Bircic\",\"description\":\"Photographe professionel\",\"publisher\":{\"@id\":\"https:\/\/yvesbircic.be\/#\/schema\/person\/7ca3adf84fc7a8fa2be446bee9685d29\"},\"potentialAction\":[{\"@type\":\"SearchAction\",\"target\":{\"@type\":\"EntryPoint\",\"urlTemplate\":\"https:\/\/yvesbircic.be\/?s={search_term_string}\"},\"query-input\":{\"@type\":\"PropertyValueSpecification\",\"valueRequired\":true,\"valueName\":\"search_term_string\"}}],\"inLanguage\":\"en-US\"},{\"@type\":[\"Person\",\"Organization\"],\"@id\":\"https:\/\/yvesbircic.be\/#\/schema\/person\/7ca3adf84fc7a8fa2be446bee9685d29\",\"name\":\"admin5960\",\"image\":{\"@type\":\"ImageObject\",\"inLanguage\":\"en-US\",\"@id\":\"https:\/\/yvesbircic.be\/#\/schema\/person\/image\/\",\"url\":\"https:\/\/yvesbircic.be\/wp-content\/uploads\/2024\/04\/Paraphe-2.jpg\",\"contentUrl\":\"https:\/\/yvesbircic.be\/wp-content\/uploads\/2024\/04\/Paraphe-2.jpg\",\"width\":329,\"height\":427,\"caption\":\"admin5960\"},\"logo\":{\"@id\":\"https:\/\/yvesbircic.be\/#\/schema\/person\/image\/\"},\"sameAs\":[\"http:\/\/yvesbircic.be\",\"https:\/\/www.facebook.com\/profile.php?id=61556861133480\",\"https:\/\/www.instagram.com\/yvbircic\/\",\"https:\/\/www.linkedin.com\/in\/yves-bircic\/\"]}]}<\/script>\n<!-- \/ Yoast SEO plugin. -->","yoast_head_json":{"title":"Qui suis-je ? - Yves Bircic","robots":{"index":"index","follow":"follow","max-snippet":"max-snippet:-1","max-image-preview":"max-image-preview:large","max-video-preview":"max-video-preview:-1"},"canonical":"https:\/\/yvesbircic.be\/index.php\/page-d-exemple\/","og_locale":"en_US","og_type":"article","og_title":"Qui suis-je ? - Yves Bircic","og_description":"1990. \u00c9tant issu d&#8217;une famille accro aux photos familiales, c&#8217;est le jour de mes 6 ans que je re\u00e7u mon premier appareil photo. Depuis lors, ces &#8220;boites \u00e0 images&#8221;, quelque soit leur affiliation, argentique ou num\u00e9rique, ne m&#8217;ont jamais quitt\u00e9. Une passion \u00e9tait n\u00e9e. Acqu\u00e9rant mon dipl\u00f4me de photographe en 2005 \u00e0 St-Luc Li\u00e8ge, je [&hellip;]","og_url":"https:\/\/yvesbircic.be\/index.php\/page-d-exemple\/","og_site_name":"Yves Bircic","article_publisher":"https:\/\/www.facebook.com\/profile.php?id=61556861133480","article_modified_time":"2024-07-15T09:59:26+00:00","og_image":[{"width":2560,"height":1707,"url":"http:\/\/yvesbircic.be\/wp-content\/uploads\/2024\/04\/YB7_8482-scaled.jpg","type":"image\/jpeg"}],"twitter_card":"summary_large_image","twitter_misc":{"Est. reading time":"3 minutes"},"schema":{"@context":"https:\/\/schema.org","@graph":[{"@type":"WebPage","@id":"https:\/\/yvesbircic.be\/index.php\/page-d-exemple\/","url":"https:\/\/yvesbircic.be\/index.php\/page-d-exemple\/","name":"Qui suis-je ? - Yves Bircic","isPartOf":{"@id":"https:\/\/yvesbircic.be\/#website"},"primaryImageOfPage":{"@id":"https:\/\/yvesbircic.be\/index.php\/page-d-exemple\/#primaryimage"},"image":{"@id":"https:\/\/yvesbircic.be\/index.php\/page-d-exemple\/#primaryimage"},"thumbnailUrl":"https:\/\/yvesbircic.be\/wp-content\/uploads\/2024\/04\/YB7_8482-scaled.jpg","datePublished":"2024-04-11T14:01:35+00:00","dateModified":"2024-07-15T09:59:26+00:00","breadcrumb":{"@id":"https:\/\/yvesbircic.be\/index.php\/page-d-exemple\/#breadcrumb"},"inLanguage":"en-US","potentialAction":[{"@type":"ReadAction","target":["https:\/\/yvesbircic.be\/index.php\/page-d-exemple\/"]}]},{"@type":"ImageObject","inLanguage":"en-US","@id":"https:\/\/yvesbircic.be\/index.php\/page-d-exemple\/#primaryimage","url":"https:\/\/yvesbircic.be\/wp-content\/uploads\/2024\/04\/YB7_8482-scaled.jpg","contentUrl":"https:\/\/yvesbircic.be\/wp-content\/uploads\/2024\/04\/YB7_8482-scaled.jpg","width":2560,"height":1707},{"@type":"BreadcrumbList","@id":"https:\/\/yvesbircic.be\/index.php\/page-d-exemple\/#breadcrumb","itemListElement":[{"@type":"ListItem","position":1,"name":"Accueil","item":"https:\/\/yvesbircic.be\/"},{"@type":"ListItem","position":2,"name":"Qui suis-je ?"}]},{"@type":"WebSite","@id":"https:\/\/yvesbircic.be\/#website","url":"https:\/\/yvesbircic.be\/","name":"Yves Bircic","description":"Photographe professionel","publisher":{"@id":"https:\/\/yvesbircic.be\/#\/schema\/person\/7ca3adf84fc7a8fa2be446bee9685d29"},"potentialAction":[{"@type":"SearchAction","target":{"@type":"EntryPoint","urlTemplate":"https:\/\/yvesbircic.be\/?s={search_term_string}"},"query-input":{"@type":"PropertyValueSpecification","valueRequired":true,"valueName":"search_term_string"}}],"inLanguage":"en-US"},{"@type":["Person","Organization"],"@id":"https:\/\/yvesbircic.be\/#\/schema\/person\/7ca3adf84fc7a8fa2be446bee9685d29","name":"admin5960","image":{"@type":"ImageObject","inLanguage":"en-US","@id":"https:\/\/yvesbircic.be\/#\/schema\/person\/image\/","url":"https:\/\/yvesbircic.be\/wp-content\/uploads\/2024\/04\/Paraphe-2.jpg","contentUrl":"https:\/\/yvesbircic.be\/wp-content\/uploads\/2024\/04\/Paraphe-2.jpg","width":329,"height":427,"caption":"admin5960"},"logo":{"@id":"https:\/\/yvesbircic.be\/#\/schema\/person\/image\/"},"sameAs":["http:\/\/yvesbircic.be","https:\/\/www.facebook.com\/profile.php?id=61556861133480","https:\/\/www.instagram.com\/yvbircic\/","https:\/\/www.linkedin.com\/in\/yves-bircic\/"]}]}},"jetpack_sharing_enabled":true,"_links":{"self":[{"href":"https:\/\/yvesbircic.be\/index.php\/wp-json\/wp\/v2\/pages\/2","targetHints":{"allow":["GET"]}}],"collection":[{"href":"https:\/\/yvesbircic.be\/index.php\/wp-json\/wp\/v2\/pages"}],"about":[{"href":"https:\/\/yvesbircic.be\/index.php\/wp-json\/wp\/v2\/types\/page"}],"author":[{"embeddable":true,"href":"https:\/\/yvesbircic.be\/index.php\/wp-json\/wp\/v2\/users\/1"}],"replies":[{"embeddable":true,"href":"https:\/\/yvesbircic.be\/index.php\/wp-json\/wp\/v2\/comments?post=2"}],"version-history":[{"count":18,"href":"https:\/\/yvesbircic.be\/index.php\/wp-json\/wp\/v2\/pages\/2\/revisions"}],"predecessor-version":[{"id":170,"href":"https:\/\/yvesbircic.be\/index.php\/wp-json\/wp\/v2\/pages\/2\/revisions\/170"}],"wp:featuredmedia":[{"embeddable":true,"href":"https:\/\/yvesbircic.be\/index.php\/wp-json\/wp\/v2\/media\/51"}],"wp:attachment":[{"href":"https:\/\/yvesbircic.be\/index.php\/wp-json\/wp\/v2\/media?parent=2"}],"curies":[{"name":"wp","href":"https:\/\/api.w.org\/{rel}","templated":true}]}}